{"id":148,"date":"2025-05-27T15:26:13","date_gmt":"2025-05-27T13:26:13","guid":{"rendered":"https:\/\/avvie.fr\/?page_id=148"},"modified":"2025-09-05T17:05:57","modified_gmt":"2025-09-05T15:05:57","slug":"presentation","status":"publish","type":"page","link":"https:\/\/avvie.fr\/","title":{"rendered":"Pr\u00e9sentation"},"content":{"rendered":"\n<div class=\"wp-block-cover alignfull is-light\"><img loading=\"lazy\" decoding=\"async\" width=\"1024\" height=\"641\" class=\"wp-block-cover__image-background wp-image-313 size-large\" alt=\"alt=&quot;Image d\u00e9corative repr\u00e9sentant trois cubes en quinconce. Les deux du fond repr\u00e9sentent une image de bonhomme en cravate et celle de devant deux mains qui se serrent.&quot;\" src=\"https:\/\/avvie.fr\/wp-content\/uploads\/2025\/06\/vecteezy_hand-shaking-which-print-screen-on-wooden-cube-block-in_6969586-1-1024x641.jpg\" style=\"object-position:53% 87%\" data-object-fit=\"cover\" data-object-position=\"53% 87%\" srcset=\"https:\/\/avvie.fr\/wp-content\/uploads\/2025\/06\/vecteezy_hand-shaking-which-print-screen-on-wooden-cube-block-in_6969586-1-1024x641.jpg 1024w, https:\/\/avvie.fr\/wp-content\/uploads\/2025\/06\/vecteezy_hand-shaking-which-print-screen-on-wooden-cube-block-in_6969586-1-300x188.jpg 300w, https:\/\/avvie.fr\/wp-content\/uploads\/2025\/06\/vecteezy_hand-shaking-which-print-screen-on-wooden-cube-block-in_6969586-1-768x480.jpg 768w, https:\/\/avvie.fr\/wp-content\/uploads\/2025\/06\/vecteezy_hand-shaking-which-print-screen-on-wooden-cube-block-in_6969586-1-1536x961.jpg 1536w, https:\/\/avvie.fr\/wp-content\/uploads\/2025\/06\/vecteezy_hand-shaking-which-print-screen-on-wooden-cube-block-in_6969586-1-2048x1281.jpg 2048w\" sizes=\"auto, (max-width: 1024px) 100vw, 1024px\" \/><span aria-hidden=\"true\" class=\"wp-block-cover__background has-background-dim\" style=\"background-color:#dfd7d4\"><\/span><div class=\"wp-block-cover__inner-container is-layout-constrained wp-block-cover-is-layout-constrained\">\n<p class=\"has-text-align-center has-large-font-size\"><\/p>\n<\/div><\/div>\n\n\n\n<h2 class=\"wp-block-heading has-text-align-center has-custom-color-2-color has-text-color has-link-color wp-elements-77c6fd5d1523506c7e2d83aae6c2d00a\"><strong>Pr\u00e9sentation<\/strong><\/h2>\n\n\n\n<hr class=\"wp-block-separator has-alpha-channel-opacity\"\/>\n\n\n\n<figure class=\"wp-block-image aligncenter size-full is-resized has-custom-border is-style-rounded\"><img loading=\"lazy\" decoding=\"async\" width=\"542\" height=\"848\" src=\"http:\/\/avvie.fr\/wp-content\/uploads\/2025\/09\/IMG_4743-2.jpg\" alt=\"\" class=\"wp-image-430\" style=\"border-radius:100px;width:139px;height:auto\" srcset=\"https:\/\/avvie.fr\/wp-content\/uploads\/2025\/09\/IMG_4743-2.jpg 542w, https:\/\/avvie.fr\/wp-content\/uploads\/2025\/09\/IMG_4743-2-192x300.jpg 192w\" sizes=\"auto, (max-width: 542px) 100vw, 542px\" \/><\/figure>\n\n\n\n<div class=\"wp-block-group is-nowrap is-layout-flex wp-container-core-group-is-layout-6c531013 wp-block-group-is-layout-flex\">\n<figure class=\"wp-block-image size-full is-resized\"><img loading=\"lazy\" decoding=\"async\" width=\"150\" height=\"150\" src=\"https:\/\/avvie.fr\/wp-content\/uploads\/2025\/06\/image-16.png\" alt=\"\" class=\"wp-image-319\" style=\"width:71px;height:auto\"\/><\/figure>\n\n\n\n<h2 class=\"wp-block-heading\"><strong><mark style=\"background-color:rgba(0, 0, 0, 0)\" class=\"has-inline-color has-custom-color-2-color\">Le cabinet<\/mark><\/strong><\/h2>\n<\/div>\n\n\n\n<div class=\"wp-block-group alignwide has-background-color has-custom-color-1-background-color has-text-color has-background has-link-color wp-elements-4fbec83421fd557de49a514025b982b2 is-content-justification-center is-nowrap is-layout-flex wp-container-core-group-is-layout-23441af8 wp-block-group-is-layout-flex\">\n<p class=\"has-text-align-center\">Bienvenue sur le site de mon <strong>cabinet d&rsquo;expertise-comptable<\/strong> situ\u00e9 en p\u00e9riph\u00e9rie de Toulouse ! Je suis <strong>Aurore VIVIES<\/strong>, experte-comptable dipl\u00f4m\u00e9e en 2024, passionn\u00e9e par l\u2019accompagnement des entrepreneurs, professions lib\u00e9rales et PME dans la gestion, le pilotage et le d\u00e9veloppement de leur activit\u00e9. J&rsquo;accompagne \u00e9galement les particuliers qui le souhaitent dans leurs d\u00e9clarations fiscales, le traitement de leurs documents administratifs, ou tout autre conseil entrant dans mes comp\u00e9tences.<br><strong>Forte de plus de 10 ans d\u2019exp\u00e9rience<\/strong> en cabinet comptable et en entreprise, j\u2019ai fond\u00e9 mon propre cabinet pour exercer mon m\u00e9tier avec une approche humaine, personnalis\u00e9e et proche de mes clients. Mon objectif : vous offrir un accompagnement sur-mesure, fond\u00e9 sur la confiance, la transparence et la r\u00e9activit\u00e9.<\/p>\n<\/div>\n\n\n\n<div class=\"wp-block-group is-nowrap is-layout-flex wp-container-core-group-is-layout-6c531013 wp-block-group-is-layout-flex\">\n<figure class=\"wp-block-image size-full is-resized\"><img loading=\"lazy\" decoding=\"async\" width=\"150\" height=\"150\" src=\"https:\/\/avvie.fr\/wp-content\/uploads\/2025\/06\/image-15.png\" alt=\"\" class=\"wp-image-318\" style=\"width:73px;height:auto\"\/><\/figure>\n\n\n\n<h2 class=\"wp-block-heading has-custom-color-2-color has-text-color has-link-color wp-elements-7f3593f5397e3401b95424a74a80a6fb\"><strong>Mes valeurs<\/strong><\/h2>\n<\/div>\n\n\n\n<div class=\"wp-block-group alignwide has-background-color has-custom-color-1-background-color has-text-color has-background has-link-color wp-elements-9dea1ac74e6eb45d4b197afe717769ff is-content-justification-space-between is-nowrap is-layout-flex wp-container-core-group-is-layout-cb46ffcb wp-block-group-is-layout-flex\">\n<p class=\"has-text-align-left\"><strong>DURABILIT\u00c9<\/strong> : La durabilit\u00e9 est au c\u0153ur de mes engagements.<br><br><strong>PROXIMIT\u00c9<\/strong> : je m\u2019implique personnellement dans chaque dossier.<br><br><strong>R\u00c9ACTIVIT\u00c9<\/strong> : vos questions ne restent jamais sans r\u00e9ponse.<br><br><strong>ENGAGEMENT<\/strong> : un partenaire de confiance pour piloter votre entreprise.<br><br><strong>CLART\u00c9<\/strong> : une comptabilit\u00e9 compr\u00e9hensible, expliqu\u00e9e avec p\u00e9dagogie.<\/p>\n<\/div>\n\n\n\n<div class=\"wp-block-group is-nowrap is-layout-flex wp-container-core-group-is-layout-6c531013 wp-block-group-is-layout-flex\">\n<figure class=\"wp-block-image size-full is-resized\"><img loading=\"lazy\" decoding=\"async\" width=\"150\" height=\"150\" src=\"https:\/\/avvie.fr\/wp-content\/uploads\/2025\/06\/image-24.png\" alt=\"\" class=\"wp-image-413\" style=\"width:70px;height:auto\"\/><\/figure>\n\n\n\n<h2 class=\"wp-block-heading\"><strong><mark style=\"background-color:rgba(0, 0, 0, 0)\" class=\"has-inline-color has-custom-color-2-color\">Vos avantages<\/mark><\/strong><\/h2>\n<\/div>\n\n\n\n<div class=\"wp-block-group alignwide has-background-color has-custom-color-1-background-color has-text-color has-background has-link-color wp-elements-176edfc995a5ffa1eeb44c299edfa244 is-vertical is-layout-flex wp-container-core-group-is-layout-fe9cc265 wp-block-group-is-layout-flex\">\n<div class=\"wp-block-group is-nowrap is-layout-flex wp-container-core-group-is-layout-6c531013 wp-block-group-is-layout-flex\">\n<figure class=\"wp-block-image size-full is-resized\"><img loading=\"lazy\" decoding=\"async\" width=\"150\" height=\"150\" src=\"https:\/\/avvie.fr\/wp-content\/uploads\/2025\/06\/image-18.png\" alt=\"\" class=\"wp-image-381\" style=\"width:40px;height:auto\"\/><\/figure>\n\n\n\n<p>Une <strong>experte-comptable \u00e0 l\u2019\u00e9coute<\/strong>, disponible et impliqu\u00e9e \u00e0 chaque \u00e9tape de la vie de votre entreprise.<\/p>\n<\/div>\n\n\n\n<div class=\"wp-block-group is-nowrap is-layout-flex wp-container-core-group-is-layout-6c531013 wp-block-group-is-layout-flex\">\n<figure class=\"wp-block-image size-full is-resized\"><img loading=\"lazy\" decoding=\"async\" width=\"150\" height=\"150\" src=\"https:\/\/avvie.fr\/wp-content\/uploads\/2025\/06\/image-18.png\" alt=\"\" class=\"wp-image-381\" style=\"width:40px;height:auto\"\/><\/figure>\n\n\n\n<p>Un accompagnement adapt\u00e9 aux besoins sp\u00e9cifiques des <strong>TPE\/PME<\/strong>, <strong>ind\u00e9pendants<\/strong>, <strong>professions lib\u00e9rales<\/strong> et <strong>particuliers<\/strong>.<\/p>\n<\/div>\n\n\n\n<div class=\"wp-block-group is-nowrap is-layout-flex wp-container-core-group-is-layout-6c531013 wp-block-group-is-layout-flex\">\n<figure class=\"wp-block-image size-full is-resized\"><img loading=\"lazy\" decoding=\"async\" width=\"150\" height=\"150\" src=\"https:\/\/avvie.fr\/wp-content\/uploads\/2025\/06\/image-18.png\" alt=\"\" class=\"wp-image-381\" style=\"width:56px;height:auto\"\/><\/figure>\n\n\n\n<p>Une ma\u00eetrise des <strong>outils num\u00e9riques comptables<\/strong> pour un suivi moderne, simple et s\u00e9curis\u00e9, que vous soyez bas\u00e9 \u00e0 <strong>Toulouse<\/strong> ou <strong>ailleurs en France<\/strong>.<\/p>\n<\/div>\n\n\n\n<div class=\"wp-block-group is-nowrap is-layout-flex wp-container-core-group-is-layout-6c531013 wp-block-group-is-layout-flex\">\n<p class=\"has-text-align-left\"><br>Ensemble, donnons toutes les chances de r\u00e9ussite \u00e0 vos projets entrepreneuriaux !<br><\/p>\n<\/div>\n<\/div>\n\n\n\n<div style=\"height:18px\" aria-hidden=\"true\" class=\"wp-block-spacer\"><\/div>\n","protected":false},"excerpt":{"rendered":"<p>Pr\u00e9sentation Le cabinet Bienvenue sur le site de mon cabinet d&rsquo;expertise-comptable situ\u00e9 en p\u00e9riph\u00e9rie de Toulouse ! Je suis Aurore VIVIES, experte-comptable dipl\u00f4m\u00e9e en 2024, passionn\u00e9e par l\u2019accompagnement des entrepreneurs, professions lib\u00e9rales et PME dans la gestion, le pilotage et le d\u00e9veloppement de leur activit\u00e9. J&rsquo;accompagne \u00e9galement les particuliers qui le souhaitent dans leurs d\u00e9clarations [&hellip;]<\/p>\n","protected":false},"author":1,"featured_media":0,"parent":0,"menu_order":0,"comment_status":"closed","ping_status":"closed","template":"","meta":{"footnotes":""},"class_list":["post-148","page","type-page","status-publish","hentry"],"_links":{"self":[{"href":"https:\/\/avvie.fr\/index.php?rest_route=\/wp\/v2\/pages\/148","targetHints":{"allow":["GET"]}}],"collection":[{"href":"https:\/\/avvie.fr\/index.php?rest_route=\/wp\/v2\/pages"}],"about":[{"href":"https:\/\/avvie.fr\/index.php?rest_route=\/wp\/v2\/types\/page"}],"author":[{"embeddable":true,"href":"https:\/\/avvie.fr\/index.php?rest_route=\/wp\/v2\/users\/1"}],"replies":[{"embeddable":true,"href":"https:\/\/avvie.fr\/index.php?rest_route=%2Fwp%2Fv2%2Fcomments&post=148"}],"version-history":[{"count":76,"href":"https:\/\/avvie.fr\/index.php?rest_route=\/wp\/v2\/pages\/148\/revisions"}],"predecessor-version":[{"id":431,"href":"https:\/\/avvie.fr\/index.php?rest_route=\/wp\/v2\/pages\/148\/revisions\/431"}],"wp:attachment":[{"href":"https:\/\/avvie.fr\/index.php?rest_route=%2Fwp%2Fv2%2Fmedia&parent=148"}],"curies":[{"name":"wp","href":"https:\/\/api.w.org\/{rel}","templated":true}]}}