{"id":224,"date":"2025-06-03T19:38:54","date_gmt":"2025-06-03T17:38:54","guid":{"rendered":"https:\/\/avvie.fr\/?page_id=224"},"modified":"2025-06-03T21:03:13","modified_gmt":"2025-06-03T19:03:13","slug":"mentions-legales","status":"publish","type":"page","link":"https:\/\/avvie.fr\/?page_id=224","title":{"rendered":"Mentions l\u00e9gales"},"content":{"rendered":"\n<h2 class=\"wp-block-heading\"><strong>Mentions l\u00e9gales<\/strong><\/h2>\n\n\n\n<p class=\"has-text-align-left\">Conform\u00e9ment aux dispositions des articles 6-III et 19 de la Loi n\u00b02004-575 du 21 juin 2004 pour la Confiance dans l\u2019\u00e9conomie num\u00e9rique (LCEN), il est port\u00e9 \u00e0 la connaissance des utilisateurs du site les pr\u00e9sentes mentions l\u00e9gales.<\/p>\n\n\n\n<div class=\"wp-block-group is-vertical is-layout-flex wp-container-core-group-is-layout-2d71b429 wp-block-group-is-layout-flex\">\n<h2 class=\"wp-block-heading\">\u00c9diteur du site<\/h2>\n<\/div>\n\n\n\n<p><em>Nom \/ D\u00e9nomination :<\/em> AVVIE<br><em>Forme juridique :<\/em> EURL<br><em>Adresse du si\u00e8ge social :<\/em> <br>670 chemin de Cantoperdric<br>31600 Eaunes<br><em>T\u00e9l\u00e9phone : <\/em>06.30.70.42.57<br><em>Adresse e-mail :<\/em> contact@avvie.fr<br><em>SIRET :<\/em> 94502097000010<br><em>Num\u00e9ro d\u2019inscription au tableau de l\u2019Ordre des experts-comptables :<\/em> 310000514401<br><em>R\u00e9gion d\u2019inscription :<\/em> Conseil r\u00e9gional de l\u2019Ordre des Experts-Comptable d&rsquo;Occitanie<br><\/p>\n\n\n\n<h2 class=\"wp-block-heading\">Directeur de la publication<\/h2>\n\n\n\n<p>Nom du directeur de la publication : Aurore VIVIES<br>Statut : Expert-comptable \/ G\u00e9rante<\/p>\n\n\n\n<h2 class=\"wp-block-heading\">H\u00e9bergeur du site<\/h2>\n\n\n\n<p><em>Nom de l\u2019h\u00e9bergeur :<\/em> OVH<br><em>Adresse :<\/em> 2 Rue Kellermann, 59100 ROUBAIX<br><em>T\u00e9l\u00e9phone :<\/em> +33 8 99 70 17 61<br><em>Site Internet :<\/em> <a href=\"http:\/\/www.ovh.com\/\">http:\/\/www.ovh.com<\/a><br><\/p>\n\n\n\n<h2 class=\"wp-block-heading\">Propri\u00e9t\u00e9 intellectuelle<\/h2>\n\n\n\n<p>L\u2019ensemble des contenus pr\u00e9sents sur ce site (textes, images, graphismes, logo, etc.) est la propri\u00e9t\u00e9 exclusive du cabinet AVVIE, sauf mention contraire, et est prot\u00e9g\u00e9 par les lois fran\u00e7aises relatives \u00e0 la propri\u00e9t\u00e9 intellectuelle.<\/p>\n\n\n\n<p>Toute reproduction, repr\u00e9sentation, diffusion ou exploitation, en tout ou partie, du contenu du site, par quelque proc\u00e9d\u00e9 que ce soit, sans l\u2019autorisation pr\u00e9alable et \u00e9crite de l\u2019\u00e9diteur est strictement interdite et peut constituer une contrefa\u00e7on.<\/p>\n\n\n\n<h2 class=\"wp-block-heading\">Responsabilit\u00e9<\/h2>\n\n\n\n<p>L\u2019\u00e9diteur du site s\u2019efforce de fournir des informations aussi pr\u00e9cises que possible. Toutefois, il ne pourra \u00eatre tenu responsable des omissions, inexactitudes ou carences dans la mise \u00e0 jour, qu\u2019elles soient de son fait ou du fait des tiers partenaires qui lui fournissent ces informations.<\/p>\n\n\n\n<p>Les informations propos\u00e9es sur ce site sont de nature g\u00e9n\u00e9rale et ne constituent pas un conseil personnalis\u00e9. L\u2019utilisateur est invit\u00e9 \u00e0 prendre contact avec le cabinet pour obtenir un accompagnement adapt\u00e9 \u00e0 sa situation.<\/p>\n\n\n\n<h2 class=\"wp-block-heading\">Donn\u00e9es personnelles<\/h2>\n\n\n\n<p>Les informations relatives \u00e0 la collecte et au traitement des donn\u00e9es personnelles sont disponibles dans la <a href=\"https:\/\/avvie.fr\/?page_id=3\" data-type=\"page\" data-id=\"3\">Politique de confidentialit\u00e9<\/a>.<\/p>\n","protected":false},"excerpt":{"rendered":"<p>Mentions l\u00e9gales Conform\u00e9ment aux dispositions des articles 6-III et 19 de la Loi n\u00b02004-575 du 21 juin 2004 pour la Confiance dans l\u2019\u00e9conomie num\u00e9rique (LCEN), il est port\u00e9 \u00e0 la connaissance des utilisateurs du site les pr\u00e9sentes mentions l\u00e9gales. \u00c9diteur du site Nom \/ D\u00e9nomination : AVVIEForme juridique : EURLAdresse du si\u00e8ge social : 670 [&hellip;]<\/p>\n","protected":false},"author":1,"featured_media":0,"parent":0,"menu_order":0,"comment_status":"closed","ping_status":"closed","template":"","meta":{"footnotes":""},"class_list":["post-224","page","type-page","status-publish","hentry"],"_links":{"self":[{"href":"https:\/\/avvie.fr\/index.php?rest_route=\/wp\/v2\/pages\/224","targetHints":{"allow":["GET"]}}],"collection":[{"href":"https:\/\/avvie.fr\/index.php?rest_route=\/wp\/v2\/pages"}],"about":[{"href":"https:\/\/avvie.fr\/index.php?rest_route=\/wp\/v2\/types\/page"}],"author":[{"embeddable":true,"href":"https:\/\/avvie.fr\/index.php?rest_route=\/wp\/v2\/users\/1"}],"replies":[{"embeddable":true,"href":"https:\/\/avvie.fr\/index.php?rest_route=%2Fwp%2Fv2%2Fcomments&post=224"}],"version-history":[{"count":4,"href":"https:\/\/avvie.fr\/index.php?rest_route=\/wp\/v2\/pages\/224\/revisions"}],"predecessor-version":[{"id":230,"href":"https:\/\/avvie.fr\/index.php?rest_route=\/wp\/v2\/pages\/224\/revisions\/230"}],"wp:attachment":[{"href":"https:\/\/avvie.fr\/index.php?rest_route=%2Fwp%2Fv2%2Fmedia&parent=224"}],"curies":[{"name":"wp","href":"https:\/\/api.w.org\/{rel}","templated":true}]}}