{"id":23,"date":"2025-05-27T15:25:59","date_gmt":"2025-05-27T13:25:59","guid":{"rendered":"https:\/\/avvie.fr\/?page_id=23"},"modified":"2025-06-06T15:51:46","modified_gmt":"2025-06-06T13:51:46","slug":"missions-daccompagnement","status":"publish","type":"page","link":"https:\/\/avvie.fr\/?page_id=23","title":{"rendered":"Missions"},"content":{"rendered":"\n<div class=\"wp-block-cover alignfull is-light\"><img loading=\"lazy\" decoding=\"async\" width=\"1024\" height=\"576\" class=\"wp-block-cover__image-background wp-image-244 size-large\" alt=\"alt=&quot;Image d\u00e9corative repr\u00e9sentant une main de femme tenant un stylo et \u00e0 c\u00f4t\u00e9 flotte des ic\u00f4nes avec des dossiers, des rouages, des feuilles.&quot;\" src=\"https:\/\/avvie.fr\/wp-content\/uploads\/2025\/06\/vecteezy_accountant-showing-office-document-auditing-concept-plan_45921029-1024x576.jpg\" style=\"object-position:57% 10%\" data-object-fit=\"cover\" data-object-position=\"57% 10%\" srcset=\"https:\/\/avvie.fr\/wp-content\/uploads\/2025\/06\/vecteezy_accountant-showing-office-document-auditing-concept-plan_45921029-1024x576.jpg 1024w, https:\/\/avvie.fr\/wp-content\/uploads\/2025\/06\/vecteezy_accountant-showing-office-document-auditing-concept-plan_45921029-300x169.jpg 300w, https:\/\/avvie.fr\/wp-content\/uploads\/2025\/06\/vecteezy_accountant-showing-office-document-auditing-concept-plan_45921029-768x432.jpg 768w, https:\/\/avvie.fr\/wp-content\/uploads\/2025\/06\/vecteezy_accountant-showing-office-document-auditing-concept-plan_45921029-1536x864.jpg 1536w, https:\/\/avvie.fr\/wp-content\/uploads\/2025\/06\/vecteezy_accountant-showing-office-document-auditing-concept-plan_45921029-2048x1152.jpg 2048w\" sizes=\"auto, (max-width: 1024px) 100vw, 1024px\" \/><span aria-hidden=\"true\" class=\"wp-block-cover__background has-background-dim\" style=\"background-color:#a79ca4\"><\/span><div class=\"wp-block-cover__inner-container is-layout-constrained wp-block-cover-is-layout-constrained\">\n<p><\/p>\n<\/div><\/div>\n\n\n\n<h2 class=\"wp-block-heading has-text-align-center\"><strong><mark style=\"background-color:rgba(0, 0, 0, 0)\" class=\"has-inline-color has-custom-color-2-color\">Missions<\/mark><\/strong><\/h2>\n\n\n\n<hr class=\"wp-block-separator has-alpha-channel-opacity\"\/>\n\n\n\n<div style=\"height:12px\" aria-hidden=\"true\" class=\"wp-block-spacer is-style-default\"><\/div>\n\n\n\n<div class=\"wp-block-group is-content-justification-right is-nowrap is-layout-flex wp-container-core-group-is-layout-17124a9a wp-block-group-is-layout-flex\">\n<h4 class=\"wp-block-heading\"><strong><em><mark style=\"background-color:rgba(0, 0, 0, 0)\" class=\"has-inline-color has-custom-color-2-color\">Comptabilit\u00e9<\/mark><\/em><\/strong><\/h4>\n\n\n\n<figure class=\"wp-block-image size-full is-resized\"><img loading=\"lazy\" decoding=\"async\" width=\"150\" height=\"150\" src=\"https:\/\/avvie.fr\/wp-content\/uploads\/2025\/06\/image-7.png\" alt=\"\" class=\"wp-image-264\" style=\"width:52px;height:auto\"\/><\/figure>\n<\/div>\n\n\n\n<div class=\"wp-block-group has-custom-color-1-background-color has-background is-horizontal is-content-justification-left is-nowrap is-layout-flex wp-container-core-group-is-layout-6b494d0d wp-block-group-is-layout-flex\">\n<p class=\"has-text-align-center\"><mark style=\"background-color:rgba(0, 0, 0, 0);color:#ffffff\" class=\"has-inline-color\">Je prends en charge l\u2019ensemble de vos obligations comptables, de la tenue et r\u00e9vision de la comptabilit\u00e9 \u00e0 l\u2019\u00e9tablissement des comptes annuels ; tout en garantissant la fiabilit\u00e9 de vos donn\u00e9es financi\u00e8res.<\/mark><\/p>\n<\/div>\n\n\n\n<div style=\"height:12px\" aria-hidden=\"true\" class=\"wp-block-spacer is-style-default\"><\/div>\n\n\n\n<div class=\"wp-block-group is-nowrap is-layout-flex wp-container-core-group-is-layout-6c531013 wp-block-group-is-layout-flex\">\n<figure class=\"wp-block-image size-full is-resized\"><img loading=\"lazy\" decoding=\"async\" width=\"150\" height=\"150\" src=\"https:\/\/avvie.fr\/wp-content\/uploads\/2025\/06\/image-8.png\" alt=\"\" class=\"wp-image-265\" style=\"width:57px;height:auto\"\/><\/figure>\n\n\n\n<h4 class=\"wp-block-heading has-text-align-left\"><strong><em><mark style=\"background-color:rgba(0, 0, 0, 0)\" class=\"has-inline-color has-custom-color-2-color\">Fiscalit\u00e9<\/mark><\/em><\/strong><\/h4>\n<\/div>\n\n\n\n<div class=\"wp-block-group has-custom-color-1-background-color has-background is-nowrap is-layout-flex wp-container-core-group-is-layout-6c531013 wp-block-group-is-layout-flex\">\n<p class=\"has-text-align-center\"><mark style=\"background-color:rgba(0, 0, 0, 0);color:#ffffff\" class=\"has-inline-color\">Je vous aide \u00e0 respecter vos obligations fiscales tout en optimisant votre situation, dans le respect de la r\u00e9glementation. Je vous guide \u00e9galement pour le choix du r\u00e9gime fiscal et vous assiste lors des d\u00e9clarations fiscales.<\/mark><\/p>\n\n\n\n<div style=\"height:12px;width:1px\" aria-hidden=\"true\" class=\"wp-block-spacer is-style-default wp-container-content-eff6f568\"><\/div>\n<\/div>\n\n\n\n<div style=\"height:12px\" aria-hidden=\"true\" class=\"wp-block-spacer is-style-default\"><\/div>\n\n\n\n<div class=\"wp-block-group is-content-justification-right is-nowrap is-layout-flex wp-container-core-group-is-layout-17124a9a wp-block-group-is-layout-flex\">\n<h4 class=\"wp-block-heading has-text-align-left\"><strong><em><mark style=\"background-color:rgba(0, 0, 0, 0)\" class=\"has-inline-color has-custom-color-2-color\">RSE<\/mark><\/em><\/strong><\/h4>\n\n\n\n<figure class=\"wp-block-image size-full is-resized\"><img loading=\"lazy\" decoding=\"async\" width=\"150\" height=\"150\" src=\"https:\/\/avvie.fr\/wp-content\/uploads\/2025\/06\/image-10.png\" alt=\"\" class=\"wp-image-268\" style=\"width:59px;height:auto\"\/><\/figure>\n<\/div>\n\n\n\n<div class=\"wp-block-group has-custom-color-1-background-color has-background is-nowrap is-layout-flex wp-container-core-group-is-layout-6c531013 wp-block-group-is-layout-flex\">\n<p class=\"has-text-align-center has-background-color has-text-color has-link-color wp-elements-26c7505944c9f62fadae70b3c18b52d4\">Dans notre soci\u00e9t\u00e9 actuelle, la Responsabilit\u00e9 Soci\u00e9tale des Entreprises est un enjeu majeur. Je vous accompagne pour structurer une politique RSE qui int\u00e8gre la durabilit\u00e9, le respect des parties prenantes, l&rsquo;\u00e9thique et une gouvernance responsable au c\u0153ur de votre strat\u00e9gie.<\/p>\n<\/div>\n\n\n\n<div style=\"height:12px\" aria-hidden=\"true\" class=\"wp-block-spacer is-style-default\"><\/div>\n\n\n\n<div class=\"wp-block-group is-content-justification-left is-nowrap is-layout-flex wp-container-core-group-is-layout-fc9f69e7 wp-block-group-is-layout-flex\">\n<figure class=\"wp-block-image size-full is-resized\"><img loading=\"lazy\" decoding=\"async\" width=\"150\" height=\"150\" src=\"https:\/\/avvie.fr\/wp-content\/uploads\/2025\/06\/image-6.png\" alt=\"\" class=\"wp-image-261\" style=\"width:69px;height:auto\"\/><\/figure>\n\n\n\n<h4 class=\"wp-block-heading\"><strong><em><mark style=\"background-color:rgba(0, 0, 0, 0)\" class=\"has-inline-color has-custom-color-2-color\">Conseils<\/mark><\/em><\/strong><\/h4>\n<\/div>\n\n\n\n<div class=\"wp-block-group has-custom-color-1-background-color has-background is-nowrap is-layout-flex wp-container-core-group-is-layout-6c531013 wp-block-group-is-layout-flex\">\n<p class=\"has-text-align-center has-background-color has-text-color has-link-color wp-elements-ebf440e7f33f28f3948340cd786a4f3b\">Mon r\u00f4le est d&rsquo;\u00eatre votre conseill\u00e8re de confiance au quotidien en apportant un regard global pour vous aider \u00e0 une meilleure prise de d\u00e9cision strat\u00e9gique. Je suis pr\u00e9sente \u00e0 vos c\u00f4t\u00e9s pour toutes vos pr\u00e9occupations et peux vous orienter vers des experts partenaires si besoin.<\/p>\n<\/div>\n\n\n\n<div style=\"height:12px\" aria-hidden=\"true\" class=\"wp-block-spacer is-style-default\"><\/div>\n\n\n\n<div class=\"wp-block-group is-content-justification-right is-nowrap is-layout-flex wp-container-core-group-is-layout-17124a9a wp-block-group-is-layout-flex\">\n<h4 class=\"wp-block-heading\"><strong><em><mark style=\"background-color:rgba(0, 0, 0, 0)\" class=\"has-inline-color has-custom-color-2-color\">Cr\u00e9ation d&rsquo;entreprise<\/mark><\/em><\/strong><\/h4>\n\n\n\n<figure class=\"wp-block-image size-full is-resized\"><img loading=\"lazy\" decoding=\"async\" width=\"150\" height=\"150\" src=\"https:\/\/avvie.fr\/wp-content\/uploads\/2025\/06\/image-5.png\" alt=\"\" class=\"wp-image-260\" style=\"width:52px;height:auto\"\/><\/figure>\n<\/div>\n\n\n\n<div class=\"wp-block-group has-background-color has-custom-color-1-background-color has-text-color has-background has-link-color wp-elements-9c37b511cd0c458d8f26355635bddd9b is-nowrap is-layout-flex wp-container-core-group-is-layout-6c531013 wp-block-group-is-layout-flex\">\n<p class=\"has-text-align-center\">Vous avez un projet de cr\u00e9ation ou de reprise d\u2019entreprise ? Je vous accompagne de A \u00e0 Z : choix du statut juridique et du r\u00e9gime fiscal et social, pr\u00e9visionnel financier, formalit\u00e9s d&rsquo;immatriculation, business plan&#8230;<\/p>\n<\/div>\n\n\n\n<div style=\"height:12px\" aria-hidden=\"true\" class=\"wp-block-spacer is-style-default\"><\/div>\n\n\n\n<div class=\"wp-block-group is-nowrap is-layout-flex wp-container-core-group-is-layout-6c531013 wp-block-group-is-layout-flex\">\n<figure class=\"wp-block-image size-full is-resized\"><img loading=\"lazy\" decoding=\"async\" width=\"150\" height=\"150\" src=\"https:\/\/avvie.fr\/wp-content\/uploads\/2025\/06\/image-4.png\" alt=\"\" class=\"wp-image-257\" style=\"width:45px;height:auto\"\/><\/figure>\n\n\n\n<h4 class=\"wp-block-heading\"><strong><em><mark style=\"background-color:rgba(0, 0, 0, 0)\" class=\"has-inline-color has-custom-color-2-color\">Gestion<\/mark><\/em><\/strong> <\/h4>\n<\/div>\n\n\n\n<div class=\"wp-block-group has-background-color has-custom-color-1-background-color has-text-color has-background has-link-color wp-elements-3e3c73b9e4dfbfada99498d050575a24 is-nowrap is-layout-flex wp-container-core-group-is-layout-6c531013 wp-block-group-is-layout-flex\">\n<p class=\"has-text-align-center\">Ensemble, nous mettons en place une gestion d&rsquo;entreprise rigoureuse et proactive pour anticiper, d\u00e9cider et d\u00e9velopper sereinement votre activit\u00e9. Une bonne organisation est la cl\u00e9 de la p\u00e9rennit\u00e9.<\/p>\n<\/div>\n\n\n\n<div style=\"height:12px\" aria-hidden=\"true\" class=\"wp-block-spacer is-style-default\"><\/div>\n","protected":false},"excerpt":{"rendered":"<p>Missions Comptabilit\u00e9 Je prends en charge l\u2019ensemble de vos obligations comptables, de la tenue et r\u00e9vision de la comptabilit\u00e9 \u00e0 l\u2019\u00e9tablissement des comptes annuels ; tout en garantissant la fiabilit\u00e9 de vos donn\u00e9es financi\u00e8res. Fiscalit\u00e9 Je vous aide \u00e0 respecter vos obligations fiscales tout en optimisant votre situation, dans le respect de la r\u00e9glementation. Je [&hellip;]<\/p>\n","protected":false},"author":1,"featured_media":0,"parent":0,"menu_order":0,"comment_status":"closed","ping_status":"closed","template":"","meta":{"footnotes":""},"class_list":["post-23","page","type-page","status-publish","hentry"],"_links":{"self":[{"href":"https:\/\/avvie.fr\/index.php?rest_route=\/wp\/v2\/pages\/23","targetHints":{"allow":["GET"]}}],"collection":[{"href":"https:\/\/avvie.fr\/index.php?rest_route=\/wp\/v2\/pages"}],"about":[{"href":"https:\/\/avvie.fr\/index.php?rest_route=\/wp\/v2\/types\/page"}],"author":[{"embeddable":true,"href":"https:\/\/avvie.fr\/index.php?rest_route=\/wp\/v2\/users\/1"}],"replies":[{"embeddable":true,"href":"https:\/\/avvie.fr\/index.php?rest_route=%2Fwp%2Fv2%2Fcomments&post=23"}],"version-history":[{"count":58,"href":"https:\/\/avvie.fr\/index.php?rest_route=\/wp\/v2\/pages\/23\/revisions"}],"predecessor-version":[{"id":404,"href":"https:\/\/avvie.fr\/index.php?rest_route=\/wp\/v2\/pages\/23\/revisions\/404"}],"wp:attachment":[{"href":"https:\/\/avvie.fr\/index.php?rest_route=%2Fwp%2Fv2%2Fmedia&parent=23"}],"curies":[{"name":"wp","href":"https:\/\/api.w.org\/{rel}","templated":true}]}}