{"id":31,"date":"2025-05-26T09:15:01","date_gmt":"2025-05-26T07:15:01","guid":{"rendered":"https:\/\/avvie.fr\/?page_id=31"},"modified":"2025-06-08T16:43:36","modified_gmt":"2025-06-08T14:43:36","slug":"contact","status":"publish","type":"page","link":"https:\/\/avvie.fr\/?page_id=31","title":{"rendered":"Contact"},"content":{"rendered":"\n<div class=\"wp-block-cover alignfull is-light has-custom-content-position is-position-top-center\"><img loading=\"lazy\" decoding=\"async\" width=\"1024\" height=\"576\" class=\"wp-block-cover__image-background wp-image-217 size-large\" alt=\"alt=&quot;Image d\u00e9corative repr\u00e9sentant 4 billes en bois avec dedans une enveloppe, un arobase, une bulle de discussion et un t\u00e9l\u00e9phone.&quot;\" src=\"https:\/\/avvie.fr\/wp-content\/uploads\/2025\/06\/vecteezy_communication-concept-with-email-message-box-and-contacts_24162440-1024x576.jpg\" style=\"object-position:50% 72%\" data-object-fit=\"cover\" data-object-position=\"50% 72%\" srcset=\"https:\/\/avvie.fr\/wp-content\/uploads\/2025\/06\/vecteezy_communication-concept-with-email-message-box-and-contacts_24162440-1024x576.jpg 1024w, https:\/\/avvie.fr\/wp-content\/uploads\/2025\/06\/vecteezy_communication-concept-with-email-message-box-and-contacts_24162440-300x169.jpg 300w, https:\/\/avvie.fr\/wp-content\/uploads\/2025\/06\/vecteezy_communication-concept-with-email-message-box-and-contacts_24162440-768x432.jpg 768w, https:\/\/avvie.fr\/wp-content\/uploads\/2025\/06\/vecteezy_communication-concept-with-email-message-box-and-contacts_24162440-1536x864.jpg 1536w, https:\/\/avvie.fr\/wp-content\/uploads\/2025\/06\/vecteezy_communication-concept-with-email-message-box-and-contacts_24162440-2048x1152.jpg 2048w\" sizes=\"auto, (max-width: 1024px) 100vw, 1024px\" \/><span aria-hidden=\"true\" class=\"wp-block-cover__background has-background-dim\" style=\"background-color:#8f847d\"><\/span><div class=\"wp-block-cover__inner-container is-layout-constrained wp-block-cover-is-layout-constrained\">\n<p><\/p>\n<\/div><\/div>\n\n\n\n<div style=\"height:19px\" aria-hidden=\"true\" class=\"wp-block-spacer\"><\/div>\n\n\n\n<div class=\"wp-block-columns alignwide has-custom-color-1-background-color has-background is-layout-flex wp-container-core-columns-is-layout-28f84493 wp-block-columns-is-layout-flex\">\n<div class=\"wp-block-column is-vertically-aligned-stretch is-layout-flow wp-block-column-is-layout-flow\">\n<p class=\"has-text-align-left has-large-font-size\"><mark style=\"background-color:rgba(0, 0, 0, 0)\" class=\"has-inline-color has-custom-color-2-color\"><strong>Contact<\/strong><\/mark><\/p>\n\n\n<style id=\"wpforms-css-vars-29-block-c4e133da-bd0c-4c52-98fc-4e2952697e46\">\n\t\t\t\t#wpforms-29.wpforms-block-c4e133da-bd0c-4c52-98fc-4e2952697e46 {\n\t\t\t\t--wpforms-label-color: #ffffff;\n--wpforms-label-sublabel-color: #F6F6F6;\n--wpforms-field-text-color: #000000;\n--wpforms-field-size-input-height: 43px;\n--wpforms-field-size-input-spacing: 15px;\n--wpforms-field-size-font-size: 16px;\n--wpforms-field-size-line-height: 19px;\n--wpforms-field-size-padding-h: 14px;\n--wpforms-field-size-checkbox-size: 16px;\n--wpforms-field-size-sublabel-spacing: 5px;\n--wpforms-field-size-icon-size: 1;\n--wpforms-label-size-font-size: 16px;\n--wpforms-label-size-line-height: 19px;\n--wpforms-label-size-sublabel-font-size: 14px;\n--wpforms-label-size-sublabel-line-height: 17px;\n--wpforms-button-size-font-size: 17px;\n--wpforms-button-size-height: 41px;\n--wpforms-button-size-padding-h: 15px;\n--wpforms-button-size-margin-top: 10px;\n\t\t\t}\n\t\t\t<\/style><div class=\"wpforms-container wpforms-container-full wpforms-block wpforms-block-c4e133da-bd0c-4c52-98fc-4e2952697e46 wpforms-render-modern\" id=\"wpforms-29\"><form id=\"wpforms-form-29\" class=\"wpforms-validate wpforms-form wpforms-ajax-form\" data-formid=\"29\" method=\"post\" enctype=\"multipart\/form-data\" action=\"\/index.php?rest_route=%2Fwp%2Fv2%2Fpages%2F31\" data-token=\"d34ce495771e22a299dc74f3c8098aca\" data-token-time=\"1776431270\"><noscript class=\"wpforms-error-noscript\">Veuillez activer JavaScript dans votre navigateur pour remplir ce formulaire.<\/noscript><div id=\"wpforms-error-noscript\" style=\"display: none;\">Veuillez activer JavaScript dans votre navigateur pour remplir ce formulaire.<\/div><div class=\"wpforms-field-container\"><div id=\"wpforms-29-field_4-container\" class=\"wpforms-field wpforms-field-name\" data-field-id=\"4\"><fieldset><legend class=\"wpforms-field-label\">Identit\u00e9 <span class=\"wpforms-required-label\" aria-hidden=\"true\">*<\/span><\/legend><div class=\"wpforms-field-row wpforms-field-medium\"><div class=\"wpforms-field-row-block wpforms-first wpforms-one-half\"><input type=\"text\" id=\"wpforms-29-field_4\" class=\"wpforms-field-name-first wpforms-field-required\" name=\"wpforms[fields][4][first]\" aria-errormessage=\"wpforms-29-field_4-error\" required><label for=\"wpforms-29-field_4\" class=\"wpforms-field-sublabel after\">Pr\u00e9nom<\/label><\/div><div class=\"wpforms-field-row-block wpforms-one-half\"><input type=\"text\" id=\"wpforms-29-field_4-last\" class=\"wpforms-field-name-last wpforms-field-required\" name=\"wpforms[fields][4][last]\" aria-errormessage=\"wpforms-29-field_4-last-error\" required><label for=\"wpforms-29-field_4-last\" class=\"wpforms-field-sublabel after\">Nom<\/label><\/div><\/div><\/fieldset><\/div>\t\t<div id=\"wpforms-29-field_3-container\"\n\t\t\tclass=\"wpforms-field wpforms-field-text\"\n\t\t\tdata-field-type=\"text\"\n\t\t\tdata-field-id=\"3\"\n\t\t\t>\n\t\t\t<label class=\"wpforms-field-label\" for=\"wpforms-29-field_3\" >Accord Message RGPD<\/label>\n\t\t\t<input type=\"text\" id=\"wpforms-29-field_3\" class=\"wpforms-field-medium\" name=\"wpforms[fields][3]\" >\n\t\t<\/div>\n\t\t<div id=\"wpforms-29-field_1-container\" class=\"wpforms-field wpforms-field-email\" data-field-id=\"1\"><label class=\"wpforms-field-label\" for=\"wpforms-29-field_1\">Email <span class=\"wpforms-required-label\" aria-hidden=\"true\">*<\/span><\/label><input type=\"email\" id=\"wpforms-29-field_1\" class=\"wpforms-field-medium wpforms-field-required\" name=\"wpforms[fields][1]\" spellcheck=\"false\" aria-errormessage=\"wpforms-29-field_1-error\" required><\/div><div id=\"wpforms-29-field_6-container\" class=\"wpforms-field wpforms-field-text\" data-field-id=\"6\"><label class=\"wpforms-field-label\" for=\"wpforms-29-field_6\">T\u00e9l\u00e9phone <span class=\"wpforms-required-label\" aria-hidden=\"true\">*<\/span><\/label><input type=\"text\" id=\"wpforms-29-field_6\" class=\"wpforms-field-medium wpforms-field-required\" name=\"wpforms[fields][6]\" aria-errormessage=\"wpforms-29-field_6-error\" required><\/div><div id=\"wpforms-29-field_2-container\" class=\"wpforms-field wpforms-field-textarea\" data-field-id=\"2\"><label class=\"wpforms-field-label\" for=\"wpforms-29-field_2\">Message <span class=\"wpforms-required-label\" aria-hidden=\"true\">*<\/span><\/label><textarea id=\"wpforms-29-field_2\" class=\"wpforms-field-medium wpforms-field-required\" name=\"wpforms[fields][2]\" aria-errormessage=\"wpforms-29-field_2-error\" required><\/textarea><\/div><div id=\"wpforms-29-field_10-container\" class=\"wpforms-field wpforms-field-gdpr-checkbox\" data-field-id=\"10\"><label class=\"wpforms-field-label\">Accord RGPD <span class=\"wpforms-required-label\" aria-hidden=\"true\">*<\/span><\/label><ul id=\"wpforms-29-field_10\" class=\"wpforms-field-required\"><li class=\"choice-1\"><input type=\"checkbox\" id=\"wpforms-29-field_10_1\" name=\"wpforms[fields][10][]\" value=\"En validant ce formulaire, j\u2019accepte que mes donn\u00e9es saisies soient trait\u00e9es et exploit\u00e9es dans le cadre de ma demande de contact.\" aria-errormessage=\"wpforms-29-field_10_1-error\" required ><label class=\"wpforms-field-label-inline\" for=\"wpforms-29-field_10_1\">En validant ce formulaire, j\u2019accepte que mes donn\u00e9es saisies soient trait\u00e9es et exploit\u00e9es dans le cadre de ma demande de contact.<\/label><\/li><\/ul><\/div><script>\n\t\t\t\t( function() {\n\t\t\t\t\tconst style = document.createElement( 'style' );\n\t\t\t\t\tstyle.appendChild( document.createTextNode( '#wpforms-29-field_3-container { position: absolute !important; overflow: hidden !important; display: inline !important; height: 1px !important; width: 1px !important; z-index: -1000 !important; padding: 0 !important; } #wpforms-29-field_3-container input { visibility: hidden; } #wpforms-conversational-form-page #wpforms-29-field_3-container label { counter-increment: none; }' ) );\n\t\t\t\t\tdocument.head.appendChild( style );\n\t\t\t\t\tdocument.currentScript?.remove();\n\t\t\t\t} )();\n\t\t\t<\/script><\/div><!-- .wpforms-field-container --><div class=\"wpforms-submit-container\" ><input type=\"hidden\" name=\"wpforms[id]\" value=\"29\"><input type=\"hidden\" name=\"page_title\" value=\"\"><input type=\"hidden\" name=\"page_url\" value=\"https:\/\/avvie.fr\/index.php?rest_route=\/wp\/v2\/pages\/31\"><input type=\"hidden\" name=\"url_referer\" value=\"\"><button type=\"submit\" name=\"wpforms[submit]\" id=\"wpforms-submit-29\" class=\"wpforms-submit\" data-alt-text=\"Envoi...\" data-submit-text=\"Envoyer\" aria-live=\"assertive\" value=\"wpforms-submit\">Envoyer<\/button><img loading=\"lazy\" decoding=\"async\" src=\"https:\/\/avvie.fr\/wp-content\/plugins\/wpforms-lite\/assets\/images\/submit-spin.svg\" class=\"wpforms-submit-spinner\" style=\"display: none;\" width=\"26\" height=\"26\" alt=\"Chargement en cours\"><\/div><\/form><\/div>  <!-- .wpforms-container --><\/div>\n\n\n\n<div class=\"wp-block-column is-vertically-aligned-center has-medium-font-size is-layout-flow wp-block-column-is-layout-flow\">\n<div class=\"wp-block-group is-vertical is-content-justification-center is-layout-flex wp-container-core-group-is-layout-ce155fab wp-block-group-is-layout-flex\">\n<figure class=\"wp-block-image size-full is-resized\"><img loading=\"lazy\" decoding=\"async\" width=\"1024\" height=\"417\" src=\"http:\/\/avvie.fr\/wp-content\/uploads\/2025\/05\/logo-finalise.png\" alt=\"\" class=\"wp-image-38\" style=\"width:199px;height:auto\" srcset=\"https:\/\/avvie.fr\/wp-content\/uploads\/2025\/05\/logo-finalise.png 1024w, https:\/\/avvie.fr\/wp-content\/uploads\/2025\/05\/logo-finalise-300x122.png 300w, https:\/\/avvie.fr\/wp-content\/uploads\/2025\/05\/logo-finalise-768x313.png 768w\" sizes=\"auto, (max-width: 1024px) 100vw, 1024px\" \/><\/figure>\n\n\n\n<p class=\"has-background-color has-text-color has-link-color wp-elements-3675fb9ddb459cf875add9b76e8acb75\"><strong>Aurore VIVIES<\/strong><\/p>\n\n\n\n<hr class=\"wp-block-separator has-text-color has-custom-color-2-color has-alpha-channel-opacity has-custom-color-2-background-color has-background\"\/>\n\n\n\n<div class=\"wp-block-group is-nowrap is-layout-flex wp-container-core-group-is-layout-6c531013 wp-block-group-is-layout-flex\">\n<figure class=\"wp-block-image size-full is-resized\"><img loading=\"lazy\" decoding=\"async\" width=\"150\" height=\"150\" src=\"https:\/\/avvie.fr\/wp-content\/uploads\/2025\/06\/image.png\" alt=\"\" class=\"wp-image-213\" style=\"width:26px;height:auto\"\/><\/figure>\n\n\n\n<p class=\"has-background-color has-text-color has-link-color wp-elements-d48ef2b85e65e3a3410b2d7f2638f187\">06.30.70.42.57<\/p>\n<\/div>\n\n\n\n<div class=\"wp-block-group is-nowrap is-layout-flex wp-container-core-group-is-layout-6c531013 wp-block-group-is-layout-flex\">\n<figure class=\"wp-block-image size-full is-resized\"><img loading=\"lazy\" decoding=\"async\" width=\"150\" height=\"150\" src=\"https:\/\/avvie.fr\/wp-content\/uploads\/2025\/06\/image-1.png\" alt=\"\" class=\"wp-image-214\" style=\"width:28px;height:auto\"\/><\/figure>\n\n\n\n<p class=\"has-text-align-center has-background-color has-text-color has-link-color wp-elements-d81d69cbc30275a7fad5d78610551f1d\">contact@avvie.fr<\/p>\n<\/div>\n\n\n\n<hr class=\"wp-block-separator has-text-color has-custom-color-2-color has-alpha-channel-opacity has-custom-color-2-background-color has-background\"\/>\n\n\n\n<div class=\"wp-block-group is-nowrap is-layout-flex wp-container-core-group-is-layout-6c531013 wp-block-group-is-layout-flex\">\n<figure class=\"wp-block-image size-full is-resized\"><img loading=\"lazy\" decoding=\"async\" width=\"76\" height=\"130\" src=\"https:\/\/avvie.fr\/wp-content\/uploads\/2025\/06\/image-23.png\" alt=\"\" class=\"wp-image-411\" style=\"width:32px;height:auto\"\/><\/figure>\n\n\n\n<p class=\"has-text-align-center has-background-color has-text-color has-link-color wp-elements-6415ce44f881b3c728fb5ba8a8aea797\">670 chemin de Cantoperdric<br>31600 Eaunes <\/p>\n<\/div>\n\n\n\n<div class=\"wp-block-group is-nowrap is-layout-flex wp-container-core-group-is-layout-6c531013 wp-block-group-is-layout-flex\">\n<figure class=\"wp-block-image size-full is-resized\"><img loading=\"lazy\" decoding=\"async\" width=\"150\" height=\"150\" src=\"https:\/\/avvie.fr\/wp-content\/uploads\/2025\/06\/image-2.png\" alt=\"\" class=\"wp-image-215\" style=\"width:43px;height:auto\"\/><\/figure>\n\n\n\n<p class=\"has-text-align-center has-background-color has-text-color has-link-color wp-elements-192b0b6c220055c85e23178205102db9\">Lundi-Vendredi : 9h-17h<\/p>\n<\/div>\n<\/div>\n<\/div>\n<\/div>\n\n\n\n<div style=\"height:19px\" aria-hidden=\"true\" class=\"wp-block-spacer\"><\/div>\n","protected":false},"excerpt":{"rendered":"<p>Contact Aurore VIVIES 06.30.70.42.57 contact@avvie.fr 670 chemin de Cantoperdric31600 Eaunes Lundi-Vendredi : 9h-17h<\/p>\n","protected":false},"author":1,"featured_media":0,"parent":0,"menu_order":2,"comment_status":"closed","ping_status":"closed","template":"","meta":{"footnotes":""},"class_list":["post-31","page","type-page","status-publish","hentry"],"_links":{"self":[{"href":"https:\/\/avvie.fr\/index.php?rest_route=\/wp\/v2\/pages\/31","targetHints":{"allow":["GET"]}}],"collection":[{"href":"https:\/\/avvie.fr\/index.php?rest_route=\/wp\/v2\/pages"}],"about":[{"href":"https:\/\/avvie.fr\/index.php?rest_route=\/wp\/v2\/types\/page"}],"author":[{"embeddable":true,"href":"https:\/\/avvie.fr\/index.php?rest_route=\/wp\/v2\/users\/1"}],"replies":[{"embeddable":true,"href":"https:\/\/avvie.fr\/index.php?rest_route=%2Fwp%2Fv2%2Fcomments&post=31"}],"version-history":[{"count":29,"href":"https:\/\/avvie.fr\/index.php?rest_route=\/wp\/v2\/pages\/31\/revisions"}],"predecessor-version":[{"id":412,"href":"https:\/\/avvie.fr\/index.php?rest_route=\/wp\/v2\/pages\/31\/revisions\/412"}],"wp:attachment":[{"href":"https:\/\/avvie.fr\/index.php?rest_route=%2Fwp%2Fv2%2Fmedia&parent=31"}],"curies":[{"name":"wp","href":"https:\/\/api.w.org\/{rel}","templated":true}]}}